{"id":128,"date":"2018-01-24T15:48:37","date_gmt":"2018-01-24T15:48:37","guid":{"rendered":"http:\/\/trendhotel.hu\/?page_id=128"},"modified":"2024-10-16T12:25:55","modified_gmt":"2024-10-16T12:25:55","slug":"foglalasi-feltetelek","status":"publish","type":"page","link":"https:\/\/www.trendhotel.hu\/de\/foglalasi-feltetelek\/","title":{"rendered":"Policy of Trend Hotel"},"content":{"rendered":"<h3>A Trend Deluxe Si\u00f3fok szab\u00e1lyzata, foglal\u00e1si \u00e9s lemond\u00e1si felt\u00e9telei<\/h3>\n<p><strong><u>A foglal\u00e1s \u00e9s aj\u00e1nlatk\u00e9r\u00e9s form\u00e1ja<\/u><\/strong><\/p>\n<p>A sz\u00e1ll\u00e1shely foglal\u00e1st kiz\u00e1r\u00f3lag e-mail\/online foglal\u00e1si rendszer vagy postai lev\u00e9l form\u00e1j\u00e1ban (\u00edr\u00e1sban) fogad el.<\/p>\n<p>A vend\u00e9gek kapcsolatfelv\u00e9tel\u00e9nek megk\u00f6nny\u00edt\u00e9se \u00e9rdek\u00e9ben a sz\u00e1ll\u00e1shely foglal\u00e1si rendszert \u00fczemeltet, amely megtal\u00e1lhat\u00f3 honlapunkon, a foglal\u00e1s men\u00fcpont alatt.<\/p>\n<p>K\u00e9rj\u00fck a foglalni sz\u00e1nd\u00e9koz\u00f3 vend\u00e9geket, hogy a foglal\u00e1si rendszerben k\u00e9rt minden adatot pontosan \u00e9s \u00e9rtelemszer\u0171en kit\u00f6lteni sz\u00edveskedjenek, k\u00fcl\u00f6n\u00f6s tekintettel az el\u00e9rhet\u0151s\u00e9gek (telefonsz\u00e1m \u00e9s e-mail) helyes megad\u00e1s\u00e1ra! A foglal\u00e1sban megadott adatok helyess\u00e9ge a vend\u00e9g felel\u0151ss\u00e9ge. Vissza\u00e9l\u00e9sek elker\u00fcl\u00e9se v\u00e9gett, amennyiben a vend\u00e9g a foglal\u00e1sban megadott telefonsz\u00e1mon, ill. e-mail c\u00edmen nem el\u00e9rhet\u0151, vagy az el\u00e9rhet\u0151s\u00e9g helytelennek bizonyul, \u00e9s \u00edgy nincs lehet\u0151s\u00e9g a foglal\u00e1s jogszer\u0171s\u00e9g\u00e9nek meger\u0151s\u00edt\u00e9s\u00e9re, a sz\u00e1ll\u00e1shely fenntartja a foglal\u00e1s t\u00f6rl\u00e9s\u00e9nek jog\u00e1t, mellyel az elsz\u00e1ll\u00e1sol\u00e1sra vonatkoz\u00f3 jogig\u00e9ny is megsz\u0171nik. K\u00e9rj\u00fck vend\u00e9geinket, hogy a sz\u00e1ll\u00e1shellyel kapcsolatos b\u00e1rmilyen k\u00e9r\u00e9s\u00fcket a \u201eMegjegyz\u00e9s\u201d rovatba \u00edrj\u00e1k be. K\u00e9rj\u00fck azon vend\u00e9geinket, akik gyermek(ek)kel \u00e9rkeznek, hogy a gyermek(ek) \u00e9letkor\u00e1t \u00edrj\u00e1k be a \u201eGyermekek \u00e9letkora\u201d rovatba.<\/p>\n<p>E-mailben t\u00f6rt\u00e9n\u0151 foglal\u00e1s eset\u00e9n is k\u00e9rj\u00fck az online foglal\u00e1si rendszerben k\u00e9rt adatokat megadni. Telefonon kereszt\u00fcl csak t\u00e1j\u00e9koztat\u00e1st tudunk adni, a foglal\u00e1s az e-mailben vagy postai \u00faton t\u00f6rt\u00e9nt meger\u0151s\u00edt\u00e9st k\u00f6vet\u0151en v\u00e1lik v\u00e9glegess\u00e9.<\/p>\n<p>Aj\u00e1nlatk\u00e9r\u00e9s eset\u00e9n a sz\u00e1ll\u00e1shely az \u00f6ssze\u00e1ll\u00edtott aj\u00e1nlatot \u00edr\u00e1sban k\u00fcldi el a vend\u00e9g r\u00e9sz\u00e9re, mely nem min\u0151s\u00fcl visszaigazol\u00e1snak. Az aj\u00e1nlat elfogad\u00e1s\u00e1nak \u00edr\u00e1sban t\u00f6rt\u00e9n\u0151 meger\u0151s\u00edt\u00e9se eset\u00e9n, a foglal\u00e1s a visszaigazol\u00e1s elk\u00fcld\u00e9se ut\u00e1n v\u00e1lik v\u00e9glegess\u00e9.<\/p>\n<p><strong><u>Foglal\u00f3fizet\u00e9s<\/u><\/strong><\/p>\n<p>A sz\u00e1ll\u00e1shely 100% foglal\u00f3t k\u00e9r.<\/p>\n<p><strong><u>Bejelentkez\u00e9s \u00e9s kijelentkez\u00e9s<\/u><\/strong><\/p>\n<p>A sz\u00e1ll\u00e1shelyet \u00e9rkez\u00e9s napj\u00e1n 14 \u00f3r\u00e1t\u00f3l lehet elfoglalni \u00e9s elutaz\u00e1s napj\u00e1n 10 \u00f3r\u00e1ig k\u00e9rj\u00fck elhagyni. Elt\u00e9r\u0151 ig\u00e9ny eset\u00e9n k\u00e9rj\u00fck, vegy\u00e9k fel a kapcsolatot a recepci\u00f3val. A sz\u00e1ll\u00e1shely elfoglal\u00e1sakor bejelent\u0151lapot k\u00e9r\u00fcnk kit\u00f6lteni.<\/p>\n<p>Amennyiben a vend\u00e9g a foglal\u00e1s\u00e1ban megadott id\u0151pontn\u00e1l kor\u00e1bban szeretn\u00e9 a m\u00e1r elfoglalt sz\u00e1ll\u00e1shelyet elhagyni, a vend\u00e9g a foglal\u00e1s teljes id\u0151tartam\u00e1nak megfelel\u0151 sz\u00e1ll\u00e1sd\u00edjat k\u00f6teles megfizetni.<\/p>\n<p>Kijelentkez\u00e9skor a szobak\u00e1rty\u00e1t a recepci\u00f3n k\u00e9rj\u00fck leadni.<\/p>\n<p><strong><u>Doh\u00e1nyz\u00e1s<\/u><\/strong><\/p>\n<p>Szob\u00e1ink nem doh\u00e1nyz\u00f3ak \u00e9s a sz\u00e1ll\u00e1shely bels\u0151 k\u00f6z\u00f6s ter\u00fcletein is tilos a doh\u00e1nyz\u00e1s!<\/p>\n<p><strong><u>Lemond\u00e1si felt\u00e9telek<\/u><\/strong><\/p>\n<p>A foglal\u00f3val meger\u0151s\u00edtett foglal\u00e1sok lemond\u00e1sa eset\u00e9n az al\u00e1bbi szab\u00e1lyok \u00e9rv\u00e9nyesek:<\/p>\n<p>Foglal\u00f3t NEM \u00e1ll m\u00f3dunkban visszaadni.<\/p>\n<p><strong>Amennyiben a vend\u00e9g az \u00e9rkez\u00e9si napot megel\u0151z\u0151en legal\u00e1bb 14 nappal kor\u00e1bban \u00edr\u00e1sban lemondja a foglal\u00e1s\u00e1t, a befizetett foglal\u00f3 teljes \u00f6sszege a sz\u00e1llod\u00e1val t\u00f6rt\u00e9n\u0151 egyeztet\u00e9st k\u00f6vet\u0151en a sz\u00e1lloda \u00e1ltal megadott felt\u00e9telek szerint haszn\u00e1lhat\u00f3 fel. A vend\u00e9g az \u00e1ltala befizetett foglal\u00f3t teh\u00e1t nem veszti el!<\/strong><\/p>\n<p>Amennyiben a vend\u00e9g az \u00e9rkez\u00e9s napot megel\u0151z\u0151 14 napon bel\u00fcl mondja le a foglal\u00e1s\u00e1t, a foglal\u00f3 csak a sz\u00e1llodavezet\u0151 enged\u00e9lye alapj\u00e1n haszn\u00e1lhat\u00f3 fel az el\u0151z\u0151ekben le\u00edrt m\u00f3don.<\/p>\n<p><strong><u>Reklam\u00e1ci\u00f3<\/u><\/strong><\/p>\n<p>A sz\u00e1ll\u00e1shely szolg\u00e1ltat\u00e1s ideje alatt felmer\u00fcl\u0151 esetleges panaszok eset\u00e9n a Vend\u00e9g az <strong>elutaz\u00e1s id\u0151pontj\u00e1ig a sz\u00e1ll\u00e1shely recepci\u00f3j\u00e1n, \u00edr\u00e1sban<\/strong> \u00e9lhet kifog\u00e1s\u00e1val.<\/p>\n<h4 style=\"text-align: center;\"><strong><u>A foglal\u00e1s beny\u00fajt\u00e1s\u00e1val a sz\u00e1ll\u00e1sfoglal\u00e1st lead\u00f3 vend\u00e9g elismeri, hogy a foglal\u00e1si \u00e9s lemond\u00e1si felt\u00e9teleket megismerte, \u00e9s azokat elfogadja!<\/u><\/strong><\/h4>\n","protected":false},"excerpt":{"rendered":"<p>A Trend Deluxe Si\u00f3fok szab\u00e1lyzata, foglal\u00e1si \u00e9s lemond\u00e1si felt\u00e9telei A foglal\u00e1s \u00e9s aj\u00e1nlatk\u00e9r\u00e9s form\u00e1ja A sz\u00e1ll\u00e1shely foglal\u00e1st kiz\u00e1r\u00f3lag e-mail\/online foglal\u00e1si rendszer vagy postai lev\u00e9l form\u00e1j\u00e1ban (\u00edr\u00e1sban) fogad el. A vend\u00e9gek kapcsolatfelv\u00e9tel\u00e9nek megk\u00f6nny\u00edt\u00e9se \u00e9rdek\u00e9ben a sz\u00e1ll\u00e1shely foglal\u00e1si rendszert \u00fczemeltet, amely megtal\u00e1lhat\u00f3 honlapunkon, a foglal\u00e1s men\u00fcpont alatt. K\u00e9rj\u00fck a foglalni sz\u00e1nd\u00e9koz\u00f3 vend\u00e9geket, hogy a foglal\u00e1si rendszerben k\u00e9rt [&hellip;]<\/p>\n","protected":false},"author":6,"featured_media":0,"parent":0,"menu_order":0,"comment_status":"closed","ping_status":"closed","template":"","meta":[],"_links":{"self":[{"href":"https:\/\/www.trendhotel.hu\/de\/wp-json\/wp\/v2\/pages\/128"}],"collection":[{"href":"https:\/\/www.trendhotel.hu\/de\/wp-json\/wp\/v2\/pages"}],"about":[{"href":"https:\/\/www.trendhotel.hu\/de\/wp-json\/wp\/v2\/types\/page"}],"author":[{"embeddable":true,"href":"https:\/\/www.trendhotel.hu\/de\/wp-json\/wp\/v2\/users\/6"}],"replies":[{"embeddable":true,"href":"https:\/\/www.trendhotel.hu\/de\/wp-json\/wp\/v2\/comments?post=128"}],"version-history":[{"count":9,"href":"https:\/\/www.trendhotel.hu\/de\/wp-json\/wp\/v2\/pages\/128\/revisions"}],"predecessor-version":[{"id":948,"href":"https:\/\/www.trendhotel.hu\/de\/wp-json\/wp\/v2\/pages\/128\/revisions\/948"}],"wp:attachment":[{"href":"https:\/\/www.trendhotel.hu\/de\/wp-json\/wp\/v2\/media?parent=128"}],"curies":[{"name":"wp","href":"https:\/\/api.w.org\/{rel}","templated":true}]}}