{"id":16,"date":"2018-01-23T14:43:14","date_gmt":"2018-01-23T14:43:14","guid":{"rendered":"http:\/\/trendhotel.hu\/?page_id=16"},"modified":"2024-09-25T11:01:56","modified_gmt":"2024-09-25T11:01:56","slug":"szobak","status":"publish","type":"page","link":"https:\/\/www.trendhotel.hu\/de\/szobak\/","title":{"rendered":"Zimmer"},"content":{"rendered":"<p>[vc_row css=&#8220;.vc_custom_1516896205706{padding-bottom: 0px !important;}&#8220;][vc_column][vc_column_text]<\/p>\n<h1>Zimmer<\/h1>\n<p>&nbsp;<\/p>\n<p>Auf 3 Etagen befindet sich 20 Zimmer mit Balkon, von einigen Zimmern mit einer wundersch\u00f6nenen Aussicht am Balaton.[\/vc_column_text][\/vc_column][\/vc_row][vc_row css=&#8220;.vc_custom_1516896096277{padding-top: 0px !important;padding-bottom: 0px !important;}&#8220;][vc_column css=&#8220;.vc_custom_1516896116523{padding-top: 0px !important;padding-bottom: 0px !important;}&#8220;][vc_media_grid element_width=&#8220;2&#8243; grid_id=&#8220;vc_gid:1518304346792-c37168ec-4c11-2&#8243; include=&#8220;221,187,192,200,177,224&#8243; css=&#8220;.vc_custom_1516964129218{margin-top: 0px !important;margin-bottom: 0px !important;padding-top: 0px !important;padding-bottom: 0px !important;}&#8220;][\/vc_column][\/vc_row][vc_row css=&#8220;.vc_custom_1516896227091{padding-top: 0px !important;}&#8220;][vc_column][vc_column_text]<\/p>\n<h3>Die Ausstattung unserer Zimmer:<\/h3>\n<ul>\n<li>bequemes franz\u00f6sische Bett<\/li>\n<li>Badezimmer mit Duschkabine, F\u00f6n<\/li>\n<li>Balkon<\/li>\n<li>LCD TV<\/li>\n<li>Klimaanlage<\/li>\n<li>K\u00fchlschrank<\/li>\n<li>Zimmersafe<\/li>\n<li>Internet &#8211; WIFI<\/li>\n<li>Handtuch<\/li>\n<li>elektrische Fensterladen<\/li>\n<\/ul>\n<p>Im Hotel funktioniert Lift, die Eingangst\u00fcr und die Zimmert\u00fcren \u00f6ffnen mit Karten.<\/p>\n<p>&nbsp;<\/p>\n<p><a class=\"btn btn-default\" href=\"\/de\/szobaarak\">Unsere Zimmerpreise<\/a>[\/vc_column_text][\/vc_column][\/vc_row]<\/p>\n","protected":false},"excerpt":{"rendered":"<p>[vc_row css=&#8220;.vc_custom_1516896205706{padding-bottom: 0px !important;}&#8220;][vc_column][vc_column_text] Zimmer &nbsp; Auf 3 Etagen befindet sich 20 Zimmer mit Balkon, von einigen Zimmern mit einer wundersch\u00f6nenen Aussicht am Balaton.[\/vc_column_text][\/vc_column][\/vc_row][vc_row css=&#8220;.vc_custom_1516896096277{padding-top: 0px !important;padding-bottom: 0px !important;}&#8220;][vc_column css=&#8220;.vc_custom_1516896116523{padding-top: 0px !important;padding-bottom: 0px !important;}&#8220;][vc_media_grid element_width=&#8220;2&#8243; grid_id=&#8220;vc_gid:1518304346792-c37168ec-4c11-2&#8243; include=&#8220;221,187,192,200,177,224&#8243; css=&#8220;.vc_custom_1516964129218{margin-top: 0px !important;margin-bottom: 0px !important;padding-top: 0px !important;padding-bottom: 0px !important;}&#8220;][\/vc_column][\/vc_row][vc_row css=&#8220;.vc_custom_1516896227091{padding-top: 0px !important;}&#8220;][vc_column][vc_column_text] Die Ausstattung unserer Zimmer: bequemes franz\u00f6sische [&hellip;]<\/p>\n","protected":false},"author":6,"featured_media":68,"parent":0,"menu_order":0,"comment_status":"closed","ping_status":"closed","template":"","meta":[],"_links":{"self":[{"href":"https:\/\/www.trendhotel.hu\/de\/wp-json\/wp\/v2\/pages\/16"}],"collection":[{"href":"https:\/\/www.trendhotel.hu\/de\/wp-json\/wp\/v2\/pages"}],"about":[{"href":"https:\/\/www.trendhotel.hu\/de\/wp-json\/wp\/v2\/types\/page"}],"author":[{"embeddable":true,"href":"https:\/\/www.trendhotel.hu\/de\/wp-json\/wp\/v2\/users\/6"}],"replies":[{"embeddable":true,"href":"https:\/\/www.trendhotel.hu\/de\/wp-json\/wp\/v2\/comments?post=16"}],"version-history":[{"count":39,"href":"https:\/\/www.trendhotel.hu\/de\/wp-json\/wp\/v2\/pages\/16\/revisions"}],"predecessor-version":[{"id":796,"href":"https:\/\/www.trendhotel.hu\/de\/wp-json\/wp\/v2\/pages\/16\/revisions\/796"}],"wp:featuredmedia":[{"embeddable":true,"href":"https:\/\/www.trendhotel.hu\/de\/wp-json\/wp\/v2\/media\/68"}],"wp:attachment":[{"href":"https:\/\/www.trendhotel.hu\/de\/wp-json\/wp\/v2\/media?parent=16"}],"curies":[{"name":"wp","href":"https:\/\/api.w.org\/{rel}","templated":true}]}}