{"id":18,"date":"2018-01-23T14:45:55","date_gmt":"2018-01-23T14:45:55","guid":{"rendered":"http:\/\/trendhotel.hu\/?page_id=18"},"modified":"2024-10-17T09:18:03","modified_gmt":"2024-10-17T09:18:03","slug":"szobaarak","status":"publish","type":"page","link":"https:\/\/www.trendhotel.hu\/de\/szobaarak\/","title":{"rendered":"Zimmerpreise"},"content":{"rendered":"<p><em>Die Kurtaxe soll ab 18 Jahre extra bezahlt werden.<\/em><\/p>\n<p>&nbsp;<\/p>\n<h3 style=\"margin: 20px 0;\">Die Ausstattung unserer Zimmer:<\/h3>\n<ul>\n<li>bequemes franz\u00f6sische Bett<\/li>\n<li>Badezimmer mit Duschkabine, F\u00f6n<\/li>\n<li>Balkon<\/li>\n<li>LCD TV<\/li>\n<li>Klimaanlage<\/li>\n<li>K\u00fchlschrank<\/li>\n<li>Zimmersafe<\/li>\n<li>Internet &#8211; WIFI<\/li>\n<li>Handtuch<\/li>\n<li>Elektrische Fensterladen<\/li>\n<\/ul>\n<p>&nbsp;<\/p>\n<p><a class=\"btn btn-default\" href=\"\/de\/szobafoglalas\">Buchen Sie jetzt!<\/a><\/p>\n<div id=\"viewportSize\" style=\"position: fixed; bottom: 0px; right: 0px; z-index: 99999999; background-color: #000000; color: #ffffff; font-family: Menlo; font-size: 11px; line-height: 20px; width: 85px; text-align: center;\"><\/div>\n","protected":false},"excerpt":{"rendered":"<p>Die Kurtaxe soll ab 18 Jahre extra bezahlt werden. &nbsp; Die Ausstattung unserer Zimmer: bequemes franz\u00f6sische Bett Badezimmer mit Duschkabine, F\u00f6n Balkon LCD TV Klimaanlage K\u00fchlschrank Zimmersafe Internet &#8211; WIFI Handtuch Elektrische Fensterladen &nbsp; Buchen Sie jetzt!<\/p>\n","protected":false},"author":6,"featured_media":89,"parent":0,"menu_order":0,"comment_status":"closed","ping_status":"closed","template":"","meta":[],"_links":{"self":[{"href":"https:\/\/www.trendhotel.hu\/de\/wp-json\/wp\/v2\/pages\/18"}],"collection":[{"href":"https:\/\/www.trendhotel.hu\/de\/wp-json\/wp\/v2\/pages"}],"about":[{"href":"https:\/\/www.trendhotel.hu\/de\/wp-json\/wp\/v2\/types\/page"}],"author":[{"embeddable":true,"href":"https:\/\/www.trendhotel.hu\/de\/wp-json\/wp\/v2\/users\/6"}],"replies":[{"embeddable":true,"href":"https:\/\/www.trendhotel.hu\/de\/wp-json\/wp\/v2\/comments?post=18"}],"version-history":[{"count":112,"href":"https:\/\/www.trendhotel.hu\/de\/wp-json\/wp\/v2\/pages\/18\/revisions"}],"predecessor-version":[{"id":962,"href":"https:\/\/www.trendhotel.hu\/de\/wp-json\/wp\/v2\/pages\/18\/revisions\/962"}],"wp:featuredmedia":[{"embeddable":true,"href":"https:\/\/www.trendhotel.hu\/de\/wp-json\/wp\/v2\/media\/89"}],"wp:attachment":[{"href":"https:\/\/www.trendhotel.hu\/de\/wp-json\/wp\/v2\/media?parent=18"}],"curies":[{"name":"wp","href":"https:\/\/api.w.org\/{rel}","templated":true}]}}