{"id":22,"date":"2018-01-23T14:47:00","date_gmt":"2018-01-23T14:47:00","guid":{"rendered":"http:\/\/trendhotel.hu\/?page_id=22"},"modified":"2024-10-22T07:17:34","modified_gmt":"2024-10-22T07:17:34","slug":"kapcsolat","status":"publish","type":"page","link":"https:\/\/www.trendhotel.hu\/de\/kapcsolat\/","title":{"rendered":"Contact"},"content":{"rendered":"<p>[vc_row css=&#8220;.vc_custom_1518097936668{margin-bottom: 0px !important;padding-bottom: 0px !important;}&#8220;][vc_column][vc_column_text]<\/p>\n<h1>Kontakt<\/h1>\n<h3 style=\"margin-bottom: 20px;\">Information und Reservierung<\/h3>\n<p><strong><br \/>\n<img decoding=\"async\" loading=\"lazy\" class=\"alignleft  wp-image-86\" style=\"margin-right: 15px;\" src=\"http:\/\/trendhotel.hu\/wp-content\/uploads\/2018\/01\/hotel-300x180.jpg\" alt=\"Trend Hotel - Si\u00f3fok\" width=\"232\" height=\"139\" srcset=\"https:\/\/www.trendhotel.hu\/wp-content\/uploads\/2018\/01\/hotel-300x180.jpg 300w, https:\/\/www.trendhotel.hu\/wp-content\/uploads\/2018\/01\/hotel-768x460.jpg 768w, https:\/\/www.trendhotel.hu\/wp-content\/uploads\/2018\/01\/hotel-1024x614.jpg 1024w, https:\/\/www.trendhotel.hu\/wp-content\/uploads\/2018\/01\/hotel.jpg 1200w\" sizes=\"(max-width: 232px) 100vw, 232px\" \/><\/strong>Trend Hotel Si\u00f3fok<br \/>\n8600 Si\u00f3fok, Pet\u0151fi Stra\u00dfe 26.<br \/>\nTelefon: +36 20 327 7724<br \/>\nE-mail:<br \/>\nReservierung: <a href=\"mailto:sales@trenddeluxe.hu\">sales@trenddeluxe.hu<\/a><br \/>\nInformation: <a href=\"mailto:sales@trenddeluxe.hu\">sales@trenddeluxe.hu<\/a><\/p>\n<h3 style=\"margin-top: 40px; margin-bottom: 40px;\">Lage des Hotels<\/h3>\n<p>Unser Hotel ist mit Auto durch der M7 Autobahn erreichbar, mit Bus oder Zug ist nur ein kurzer Spazierweg von dem Bahnhof.<br \/>\n<iframe loading=\"lazy\" style=\"width: 100%; height: 400px; border: 0; margin-top: 40px;\" src=\"https:\/\/www.google.com\/maps\/embed?pb=!1m18!1m12!1m3!1d2725.4988552661794!2d18.057104015498787!3d46.912573443654544!2m3!1f0!2f0!3f0!3m2!1i1024!2i768!4f13.1!3m3!1m2!1s0x4769c08f5146b03f%3A0x6a5d52ed1a5b9d8e!2zU2nDs2ZvaywgUGV0xZFmaSBzdG55LiAyNiwgODYwMA!5e0!3m2!1shu!2shu!4v1516720046064\" width=\"300\" height=\"150\" frameborder=\"0\" allowfullscreen=\"allowfullscreen\"><\/iframe>[\/vc_column_text][\/vc_column][\/vc_row][vc_row full_width=&#8220;stretch_row&#8220; css=&#8220;.vc_custom_1518098396401{margin-top: 20px !important;padding-top: 40px !important;background-color: rgba(225,221,215,0.52) !important;*background-color: rgb(225,221,215) !important;}&#8220;][vc_column width=&#8220;1\/6&#8243; css=&#8220;.vc_custom_1518097865541{margin-top: 0px !important;margin-bottom: 0px !important;padding-top: 0px !important;padding-bottom: 0px !important;}&#8220;][\/vc_column][vc_column width=&#8220;2\/3&#8243; css=&#8220;.vc_custom_1518098224297{margin-top: 0px !important;margin-bottom: 0px !important;padding-top: 0px !important;padding-bottom: 0px !important;}&#8220;][vc_column_text css=&#8220;.vc_custom_1518098004962{margin-top: 0px !important;padding-top: 0px !important;}&#8220;]<\/p>\n<h2>Iratkozzon fel h\u00edrlevel\u00fcnkre!<\/h2>\n<p><script>(function() {\n\twindow.mc4wp = window.mc4wp || {\n\t\tlisteners: [],\n\t\tforms: {\n\t\t\ton: function(evt, cb) {\n\t\t\t\twindow.mc4wp.listeners.push(\n\t\t\t\t\t{\n\t\t\t\t\t\tevent   : evt,\n\t\t\t\t\t\tcallback: cb\n\t\t\t\t\t}\n\t\t\t\t);\n\t\t\t}\n\t\t}\n\t}\n})();\n<\/script><!-- Mailchimp for WordPress v4.9.1 - https:\/\/wordpress.org\/plugins\/mailchimp-for-wp\/ --><form id=\"mc4wp-form-1\" class=\"mc4wp-form mc4wp-form-436\" method=\"post\" data-id=\"436\" data-name=\"Website subscribers\" ><div class=\"mc4wp-form-fields\"><p>\r\n    <label>Vezet\u00e9kn\u00e9v<\/label>\r\n    <input type=\"text\" name=\"LNAME\">\r\n<\/p>\r\n<p>\r\n    <label>Keresztn\u00e9v<\/label>\r\n    <input type=\"text\" name=\"FNAME\">\r\n<\/p>\r\n<p>\r\n\t<label>Email c\u00edm<\/label>\r\n\t<input type=\"email\" name=\"EMAIL\" required \/>\r\n<\/p>\r\n\r\n<p>\r\n\t<input type=\"submit\" value=\"Fel\u00edratkoz\u00e1s\" \/>\r\n<\/p><\/div><label style=\"display: none !important;\">Wenn du ein Mensch bist, lasse das Feld leer: <input type=\"text\" name=\"_mc4wp_honeypot\" value=\"\" tabindex=\"-1\" autocomplete=\"off\" \/><\/label><input type=\"hidden\" name=\"_mc4wp_timestamp\" value=\"1777145339\" \/><input type=\"hidden\" name=\"_mc4wp_form_id\" value=\"436\" \/><input type=\"hidden\" name=\"_mc4wp_form_element_id\" value=\"mc4wp-form-1\" \/><div class=\"mc4wp-response\"><\/div><\/form><!-- \/ Mailchimp for WordPress Plugin -->[\/vc_column_text][\/vc_column][vc_column width=&#8220;1\/6&#8243;][\/vc_column][\/vc_row]<\/p>\n","protected":false},"excerpt":{"rendered":"<p>[vc_row css=&#8220;.vc_custom_1518097936668{margin-bottom: 0px !important;padding-bottom: 0px !important;}&#8220;][vc_column][vc_column_text] Kontakt Information und Reservierung Trend Hotel Si\u00f3fok 8600 Si\u00f3fok, Pet\u0151fi Stra\u00dfe 26. Telefon: +36 20 327 7724 E-mail: Reservierung: sales@trenddeluxe.hu Information: sales@trenddeluxe.hu Lage des Hotels Unser Hotel ist mit Auto durch der M7 Autobahn erreichbar, mit Bus oder Zug ist nur ein kurzer Spazierweg von dem Bahnhof. [\/vc_column_text][\/vc_column][\/vc_row][vc_row full_width=&#8220;stretch_row&#8220; [&hellip;]<\/p>\n","protected":false},"author":7,"featured_media":91,"parent":0,"menu_order":0,"comment_status":"closed","ping_status":"closed","template":"","meta":[],"_links":{"self":[{"href":"https:\/\/www.trendhotel.hu\/de\/wp-json\/wp\/v2\/pages\/22"}],"collection":[{"href":"https:\/\/www.trendhotel.hu\/de\/wp-json\/wp\/v2\/pages"}],"about":[{"href":"https:\/\/www.trendhotel.hu\/de\/wp-json\/wp\/v2\/types\/page"}],"author":[{"embeddable":true,"href":"https:\/\/www.trendhotel.hu\/de\/wp-json\/wp\/v2\/users\/7"}],"replies":[{"embeddable":true,"href":"https:\/\/www.trendhotel.hu\/de\/wp-json\/wp\/v2\/comments?post=22"}],"version-history":[{"count":56,"href":"https:\/\/www.trendhotel.hu\/de\/wp-json\/wp\/v2\/pages\/22\/revisions"}],"predecessor-version":[{"id":967,"href":"https:\/\/www.trendhotel.hu\/de\/wp-json\/wp\/v2\/pages\/22\/revisions\/967"}],"wp:featuredmedia":[{"embeddable":true,"href":"https:\/\/www.trendhotel.hu\/de\/wp-json\/wp\/v2\/media\/91"}],"wp:attachment":[{"href":"https:\/\/www.trendhotel.hu\/de\/wp-json\/wp\/v2\/media?parent=22"}],"curies":[{"name":"wp","href":"https:\/\/api.w.org\/{rel}","templated":true}]}}