{"id":738,"date":"2020-10-28T17:46:23","date_gmt":"2020-10-28T17:46:23","guid":{"rendered":"http:\/\/trendhotel.hu\/?page_id=738"},"modified":"2024-09-25T11:01:56","modified_gmt":"2024-09-25T11:01:56","slug":"kisfaludy-program","status":"publish","type":"page","link":"https:\/\/www.trendhotel.hu\/de\/kisfaludy-program\/","title":{"rendered":"Kisfaludy Program"},"content":{"rendered":"<p>Kisfaludy Sz\u00e1ll\u00e1shelyfejleszt\u00e9si Konstrukci\u00f3 \u2013 mag\u00e1nsz\u00e1ll\u00e1shelyek \u00e9s egy\u00e9b sz\u00e1ll\u00e1shelyek fejleszt\u00e9se keret\u00e9ben a &#8222;si\u00f3foki Trend \u00fcd\u00fcl\u0151 fejleszt\u00e9se&#8220;<\/p>\n<p class=\"Default\"><span style=\"font-size: 11.5pt;\">Kedvezm\u00e9nyezett neve: Keller-Trend Kft.<\/span><\/p>\n<p class=\"Default\" style=\"margin-bottom: 4.25pt;\"><span style=\"font-size: 11.5pt;\">P\u00e1ly\u00e1zat azonos\u00edt\u00f3 sz\u00e1ma: <\/span>TFC-M-1.1.2-2020-06828, TFC-M-1.1.2-2020-06845, TFC-M-1.1.2-2020-06784<\/p>\n<p class=\"Default\" style=\"margin-bottom: 4.25pt;\"><span style=\"font-size: 11.5pt;\">Szerz\u0151d\u00f6tt t\u00e1mogat\u00e1s \u00f6sszege: 20\u00a0000\u00a0000 Ft<\/span><\/p>\n<p class=\"Default\" style=\"margin-bottom: 4.25pt;\"><span style=\"font-size: 11.5pt;\">T\u00e1mogat\u00e1s m\u00e9rt\u00e9ke (%-ban): 100%<\/span><\/p>\n<p>&nbsp;<\/p>\n<p>A t\u00e1mogatott projekt tartalm\u00e1nak r\u00f6vid bemutat\u00e1sa:<\/p>\n<p>A sz\u00e1ll\u00e1shely k\u00fcls\u0151 \u00e9s bels\u0151 megjelen\u00e9s\u00e9nek, bels\u0151\u00e9p\u00edt\u00e9szeti arculat\u00e1nak, min\u0151s\u00e9g\u00e9nek fejleszt\u00e9se, a szob\u00e1inak \u00e9s kapcsol\u00f3d\u00f3 helyis\u00e9geinek fel\u00faj\u00edt\u00e1sa.<\/p>\n<p>Sz\u00e1ll\u00e1shely szolg\u00e1ltat\u00e1shoz k\u00f6zvetlen\u00fcl kapcsol\u00f3d\u00f3 eszk\u00f6z\u00f6k beszerz\u00e9se<\/p>\n<p>&nbsp;<\/p>\n<p>A t\u00e1mogatott projekt befejez\u00e9si d\u00e1tuma: 2021. m\u00e1rcius 31.<\/p>\n<p>&nbsp;<\/p>\n<p>A t\u00e1mogatott projekt a Kisfaludy Turisztikai Fejleszt\u00e9si Program keret\u00e9ben val\u00f3sul meg.<\/p>\n<p><img decoding=\"async\" loading=\"lazy\" class=\"alignnone size-full wp-image-741\" src=\"http:\/\/trendhotel.hu\/wp-content\/uploads\/2020\/10\/wow_banner_fekvo_szoveg_v2.jpg\" alt=\"\" width=\"2244\" height=\"501\" srcset=\"https:\/\/www.trendhotel.hu\/wp-content\/uploads\/2020\/10\/wow_banner_fekvo_szoveg_v2.jpg 2244w, https:\/\/www.trendhotel.hu\/wp-content\/uploads\/2020\/10\/wow_banner_fekvo_szoveg_v2-300x67.jpg 300w, https:\/\/www.trendhotel.hu\/wp-content\/uploads\/2020\/10\/wow_banner_fekvo_szoveg_v2-768x171.jpg 768w, https:\/\/www.trendhotel.hu\/wp-content\/uploads\/2020\/10\/wow_banner_fekvo_szoveg_v2-1024x229.jpg 1024w\" sizes=\"(max-width: 2244px) 100vw, 2244px\" \/><\/p>\n","protected":false},"excerpt":{"rendered":"<p>Kisfaludy Sz\u00e1ll\u00e1shelyfejleszt\u00e9si Konstrukci\u00f3 \u2013 mag\u00e1nsz\u00e1ll\u00e1shelyek \u00e9s egy\u00e9b sz\u00e1ll\u00e1shelyek fejleszt\u00e9se keret\u00e9ben a &#8222;si\u00f3foki Trend \u00fcd\u00fcl\u0151 fejleszt\u00e9se&#8220; Kedvezm\u00e9nyezett neve: Keller-Trend Kft. P\u00e1ly\u00e1zat azonos\u00edt\u00f3 sz\u00e1ma: TFC-M-1.1.2-2020-06828, TFC-M-1.1.2-2020-06845, TFC-M-1.1.2-2020-06784 Szerz\u0151d\u00f6tt t\u00e1mogat\u00e1s \u00f6sszege: 20\u00a0000\u00a0000 Ft T\u00e1mogat\u00e1s m\u00e9rt\u00e9ke (%-ban): 100% &nbsp; A t\u00e1mogatott projekt tartalm\u00e1nak r\u00f6vid bemutat\u00e1sa: A sz\u00e1ll\u00e1shely k\u00fcls\u0151 \u00e9s bels\u0151 megjelen\u00e9s\u00e9nek, bels\u0151\u00e9p\u00edt\u00e9szeti arculat\u00e1nak, min\u0151s\u00e9g\u00e9nek fejleszt\u00e9se, a szob\u00e1inak \u00e9s kapcsol\u00f3d\u00f3 [&hellip;]<\/p>\n","protected":false},"author":6,"featured_media":0,"parent":0,"menu_order":0,"comment_status":"closed","ping_status":"closed","template":"","meta":[],"_links":{"self":[{"href":"https:\/\/www.trendhotel.hu\/de\/wp-json\/wp\/v2\/pages\/738"}],"collection":[{"href":"https:\/\/www.trendhotel.hu\/de\/wp-json\/wp\/v2\/pages"}],"about":[{"href":"https:\/\/www.trendhotel.hu\/de\/wp-json\/wp\/v2\/types\/page"}],"author":[{"embeddable":true,"href":"https:\/\/www.trendhotel.hu\/de\/wp-json\/wp\/v2\/users\/6"}],"replies":[{"embeddable":true,"href":"https:\/\/www.trendhotel.hu\/de\/wp-json\/wp\/v2\/comments?post=738"}],"version-history":[{"count":3,"href":"https:\/\/www.trendhotel.hu\/de\/wp-json\/wp\/v2\/pages\/738\/revisions"}],"predecessor-version":[{"id":743,"href":"https:\/\/www.trendhotel.hu\/de\/wp-json\/wp\/v2\/pages\/738\/revisions\/743"}],"wp:attachment":[{"href":"https:\/\/www.trendhotel.hu\/de\/wp-json\/wp\/v2\/media?parent=738"}],"curies":[{"name":"wp","href":"https:\/\/api.w.org\/{rel}","templated":true}]}}