{"id":22,"date":"2018-01-23T14:47:00","date_gmt":"2018-01-23T14:47:00","guid":{"rendered":"http:\/\/trendhotel.hu\/?page_id=22"},"modified":"2024-10-22T07:17:34","modified_gmt":"2024-10-22T07:17:34","slug":"kapcsolat","status":"publish","type":"page","link":"https:\/\/www.trendhotel.hu\/en\/kapcsolat\/","title":{"rendered":"Contact"},"content":{"rendered":"<p>[vc_row css=&#8221;.vc_custom_1518097936668{margin-bottom: 0px !important;padding-bottom: 0px !important;}&#8221;][vc_column][vc_column_text]<\/p>\n<h1>Contact<\/h1>\n<h3 style=\"margin-bottom: 20px;\">Information and booking<\/h3>\n<p><strong><br \/>\n<img decoding=\"async\" loading=\"lazy\" class=\"alignleft wp-image-86\" style=\"margin-right: 15px;\" src=\"http:\/\/trendhotel.hu\/wp-content\/uploads\/2018\/01\/hotel-300x180.jpg\" alt=\"Trend Hotel - Si\u00f3fok\" width=\"228\" height=\"137\" srcset=\"https:\/\/www.trendhotel.hu\/wp-content\/uploads\/2018\/01\/hotel-300x180.jpg 300w, https:\/\/www.trendhotel.hu\/wp-content\/uploads\/2018\/01\/hotel-768x460.jpg 768w, https:\/\/www.trendhotel.hu\/wp-content\/uploads\/2018\/01\/hotel-1024x614.jpg 1024w, https:\/\/www.trendhotel.hu\/wp-content\/uploads\/2018\/01\/hotel.jpg 1200w\" sizes=\"(max-width: 228px) 100vw, 228px\" \/><\/strong>Trend Deluxe Si\u00f3fok<br \/>\n8600 Si\u00f3fok, Pet\u0151fi s\u00e9t\u00e1ny 26.<br \/>\nTelefon: +36 20 327 7724<br \/>\nE-mail:<br \/>\nReservation: <a href=\"mailto:sales@trenddeluxe.hu\">sales@trenddeluxe.hu<\/a><br \/>\nInformation: <a href=\"mailto:iroda@myflatbalaton.hu\">sales@trenddeluxe.hu<\/a><\/p>\n<h3 style=\"margin-top: 40px; margin-bottom: 40px;\">Direction to the hotel<\/h3>\n<p>The hotel is easily reachable by car from the M7 highway or arriving by bus or train to the main station.<br \/>\n<iframe loading=\"lazy\" style=\"width: 100%; height: 400px; border: 0; margin-top: 40px;\" src=\"https:\/\/www.google.com\/maps\/embed?pb=!1m18!1m12!1m3!1d2725.4988552661794!2d18.057104015498787!3d46.912573443654544!2m3!1f0!2f0!3f0!3m2!1i1024!2i768!4f13.1!3m3!1m2!1s0x4769c08f5146b03f%3A0x6a5d52ed1a5b9d8e!2zU2nDs2ZvaywgUGV0xZFmaSBzdG55LiAyNiwgODYwMA!5e0!3m2!1shu!2shu!4v1516720046064\" width=\"300\" height=\"150\" frameborder=\"0\" allowfullscreen=\"allowfullscreen\"><\/iframe><\/p>\n","protected":false},"excerpt":{"rendered":"<p>[vc_row css=&#8221;.vc_custom_1518097936668{margin-bottom: 0px !important;padding-bottom: 0px !important;}&#8221;][vc_column][vc_column_text] Contact Information and booking Trend Deluxe Si\u00f3fok 8600 Si\u00f3fok, Pet\u0151fi s\u00e9t\u00e1ny 26. Telefon: +36 20 327 7724 E-mail: Reservation: sales@trenddeluxe.hu Information: sales@trenddeluxe.hu Direction to the hotel The hotel is easily reachable by car from the M7 highway or arriving by bus or train to the main station.<\/p>\n","protected":false},"author":7,"featured_media":91,"parent":0,"menu_order":0,"comment_status":"closed","ping_status":"closed","template":"","meta":[],"_links":{"self":[{"href":"https:\/\/www.trendhotel.hu\/en\/wp-json\/wp\/v2\/pages\/22"}],"collection":[{"href":"https:\/\/www.trendhotel.hu\/en\/wp-json\/wp\/v2\/pages"}],"about":[{"href":"https:\/\/www.trendhotel.hu\/en\/wp-json\/wp\/v2\/types\/page"}],"author":[{"embeddable":true,"href":"https:\/\/www.trendhotel.hu\/en\/wp-json\/wp\/v2\/users\/7"}],"replies":[{"embeddable":true,"href":"https:\/\/www.trendhotel.hu\/en\/wp-json\/wp\/v2\/comments?post=22"}],"version-history":[{"count":56,"href":"https:\/\/www.trendhotel.hu\/en\/wp-json\/wp\/v2\/pages\/22\/revisions"}],"predecessor-version":[{"id":967,"href":"https:\/\/www.trendhotel.hu\/en\/wp-json\/wp\/v2\/pages\/22\/revisions\/967"}],"wp:featuredmedia":[{"embeddable":true,"href":"https:\/\/www.trendhotel.hu\/en\/wp-json\/wp\/v2\/media\/91"}],"wp:attachment":[{"href":"https:\/\/www.trendhotel.hu\/en\/wp-json\/wp\/v2\/media?parent=22"}],"curies":[{"name":"wp","href":"https:\/\/api.w.org\/{rel}","templated":true}]}}